{"id":6465,"date":"2026-04-28T07:54:40","date_gmt":"2026-04-28T06:54:40","guid":{"rendered":"https:\/\/mikenda.sk\/ueber-uns\/"},"modified":"2026-04-28T11:43:12","modified_gmt":"2026-04-28T10:43:12","slug":"ueber-uns","status":"publish","type":"page","link":"https:\/\/mikenda.sk\/de\/ueber-uns\/","title":{"rendered":"\u00dcber uns"},"content":{"rendered":"\t\t<div data-elementor-type=\"wp-page\" data-elementor-id=\"6465\" class=\"elementor elementor-6465 elementor-987\" data-elementor-post-type=\"page\">\n\t\t\t\t\t\t<section class=\"elementor-section elementor-top-section elementor-element elementor-element-71ec99f elementor-section-full_width elementor-section-height-min-height elementor-section-items-stretch elementor-section-content-middle elementor-section-height-default\" data-id=\"71ec99f\" data-element_type=\"section\" data-e-type=\"section\" data-settings=\"{&quot;background_background&quot;:&quot;classic&quot;}\">\n\t\t\t\t\t\t\t<div class=\"elementor-background-overlay\"><\/div>\n\t\t\t\t\t\t\t<div class=\"elementor-container elementor-column-gap-default\">\n\t\t\t\t\t<div class=\"elementor-column elementor-col-100 elementor-top-column elementor-element elementor-element-e7bcea9\" data-id=\"e7bcea9\" data-element_type=\"column\" data-e-type=\"column\" data-settings=\"{&quot;background_background&quot;:&quot;classic&quot;}\">\n\t\t\t<div class=\"elementor-widget-wrap elementor-element-populated\">\n\t\t\t\t\t\t<div class=\"elementor-element elementor-element-0f22c93 elementor-widget elementor-widget-theme-site-logo elementor-widget-image\" data-id=\"0f22c93\" data-element_type=\"widget\" data-e-type=\"widget\" data-widget_type=\"theme-site-logo.default\">\n\t\t\t\t<div class=\"elementor-widget-container\">\n\t\t\t\t\t\t\t\t\t\t\t<a href=\"https:\/\/mikenda.sk\/de\/\">\n\t\t\t<img fetchpriority=\"high\" decoding=\"async\" width=\"2991\" height=\"702\" src=\"https:\/\/mikenda.sk\/wp-content\/uploads\/2021\/10\/logo-mikenda-enjoy-your-outdoor.png\" class=\"attachment-full size-full wp-image-3853\" alt=\"\" srcset=\"https:\/\/mikenda.sk\/wp-content\/uploads\/2021\/10\/logo-mikenda-enjoy-your-outdoor.png 2991w, https:\/\/mikenda.sk\/wp-content\/uploads\/2021\/10\/logo-mikenda-enjoy-your-outdoor-300x70.png 300w, https:\/\/mikenda.sk\/wp-content\/uploads\/2021\/10\/logo-mikenda-enjoy-your-outdoor-1024x240.png 1024w, https:\/\/mikenda.sk\/wp-content\/uploads\/2021\/10\/logo-mikenda-enjoy-your-outdoor-768x180.png 768w, https:\/\/mikenda.sk\/wp-content\/uploads\/2021\/10\/logo-mikenda-enjoy-your-outdoor-1536x361.png 1536w, https:\/\/mikenda.sk\/wp-content\/uploads\/2021\/10\/logo-mikenda-enjoy-your-outdoor-2048x481.png 2048w\" sizes=\"(max-width: 2991px) 100vw, 2991px\" \/>\t\t\t\t<\/a>\n\t\t\t\t\t\t\t\t\t\t\t<\/div>\n\t\t\t\t<\/div>\n\t\t\t\t<section class=\"elementor-section elementor-inner-section elementor-element elementor-element-4625a95 elementor-section-boxed elementor-section-height-default elementor-section-height-default\" data-id=\"4625a95\" data-element_type=\"section\" data-e-type=\"section\">\n\t\t\t\t\t\t<div class=\"elementor-container elementor-column-gap-default\">\n\t\t\t\t\t<div class=\"elementor-column elementor-col-50 elementor-inner-column elementor-element elementor-element-ec6e414\" data-id=\"ec6e414\" data-element_type=\"column\" data-e-type=\"column\">\n\t\t\t<div class=\"elementor-widget-wrap elementor-element-populated\">\n\t\t\t\t\t\t<div class=\"elementor-element elementor-element-96c88c7 elementor-align-justify elementor-widget elementor-widget-button\" data-id=\"96c88c7\" data-element_type=\"widget\" data-e-type=\"widget\" data-widget_type=\"button.default\">\n\t\t\t\t<div class=\"elementor-widget-container\">\n\t\t\t\t\t\t\t\t\t<div class=\"elementor-button-wrapper\">\n\t\t\t\t\t<a class=\"elementor-button elementor-button-link elementor-size-sm\" href=\"https:\/\/mikenda.sk\/de\/kontakt\/#kontakt\">\n\t\t\t\t\t\t<span class=\"elementor-button-content-wrapper\">\n\t\t\t\t\t\t\t\t\t<span class=\"elementor-button-text\">Kontakt<\/span>\n\t\t\t\t\t<\/span>\n\t\t\t\t\t<\/a>\n\t\t\t\t<\/div>\n\t\t\t\t\t\t\t\t<\/div>\n\t\t\t\t<\/div>\n\t\t\t\t\t<\/div>\n\t\t<\/div>\n\t\t\t\t<div class=\"elementor-column elementor-col-50 elementor-inner-column elementor-element elementor-element-5ff2444\" data-id=\"5ff2444\" data-element_type=\"column\" data-e-type=\"column\">\n\t\t\t<div class=\"elementor-widget-wrap elementor-element-populated\">\n\t\t\t\t\t\t<div class=\"elementor-element elementor-element-4e42cf0 elementor-align-justify elementor-widget elementor-widget-button\" data-id=\"4e42cf0\" data-element_type=\"widget\" data-e-type=\"widget\" data-widget_type=\"button.default\">\n\t\t\t\t<div class=\"elementor-widget-container\">\n\t\t\t\t\t\t\t\t\t<div class=\"elementor-button-wrapper\">\n\t\t\t\t\t<a class=\"elementor-button elementor-button-link elementor-size-sm\" href=\"#o-nas\">\n\t\t\t\t\t\t<span class=\"elementor-button-content-wrapper\">\n\t\t\t\t\t\t\t\t\t<span class=\"elementor-button-text\">\u00dcber uns<\/span>\n\t\t\t\t\t<\/span>\n\t\t\t\t\t<\/a>\n\t\t\t\t<\/div>\n\t\t\t\t\t\t\t\t<\/div>\n\t\t\t\t<\/div>\n\t\t\t\t\t<\/div>\n\t\t<\/div>\n\t\t\t\t\t<\/div>\n\t\t<\/section>\n\t\t\t\t\t<\/div>\n\t\t<\/div>\n\t\t\t\t\t<\/div>\n\t\t<\/section>\n\t\t\t\t<section class=\"elementor-section elementor-top-section elementor-element elementor-element-2be4ff7 elementor-section-boxed elementor-section-height-default elementor-section-height-default\" data-id=\"2be4ff7\" data-element_type=\"section\" data-e-type=\"section\" id=\"o-nas\">\n\t\t\t\t\t\t<div class=\"elementor-container elementor-column-gap-default\">\n\t\t\t\t\t<div class=\"elementor-column elementor-col-100 elementor-top-column elementor-element elementor-element-daee2f5\" data-id=\"daee2f5\" data-element_type=\"column\" data-e-type=\"column\">\n\t\t\t<div class=\"elementor-widget-wrap elementor-element-populated\">\n\t\t\t\t\t\t<div class=\"elementor-element elementor-element-70dd910 elementor-widget elementor-widget-heading\" data-id=\"70dd910\" data-element_type=\"widget\" data-e-type=\"widget\" data-widget_type=\"heading.default\">\n\t\t\t\t<div class=\"elementor-widget-container\">\n\t\t\t\t\t<h2 class=\"elementor-heading-title elementor-size-default\">\u00dcber uns<\/h2>\t\t\t\t<\/div>\n\t\t\t\t<\/div>\n\t\t\t\t<div class=\"elementor-element elementor-element-544389f elementor-widget elementor-widget-text-editor\" data-id=\"544389f\" data-element_type=\"widget\" data-e-type=\"widget\" data-widget_type=\"text-editor.default\">\n\t\t\t\t<div class=\"elementor-widget-container\">\n\t\t\t\t\t\t\t\t\t<p><strong>Seit 1992 produzieren, liefern und montieren wir Beschattungstechnik. Unsere anf\u00e4ngliche Produktpalette bestand nat\u00fcrlich haupts\u00e4chlich aus horizontalen und vertikalen Jalousien, aber bereits 1992 installierten wir die ersten Markisen und im Jahr darauf die ersten motorbetriebenen Beschattungselemente. <\/strong><\/p>\n<p>\u00a0<\/p>\n<p>\u00a0<\/p>\n<p>Wir haben <strong>vor mehr als 32 Jahren<\/strong> begonnen, auf dem Gebiet der Beschattungstechnik zu arbeiten. In vielerlei Hinsicht waren wir <em>&#8222;Pioniere&#8220;.<\/em> Vor allem bei der Vermarktung von innovativen Materialien und Technologien. Wir bem\u00fchen uns, Ihre H\u00e4user vor allem vor \u00dcberhitzung und Ihre Terrassen vor anderen unerw\u00fcnschten Witterungseinfl\u00fcssen zu sch\u00fctzen, damit Ihre G\u00e4rten, Terrassen oder Balkone ein Ort der Entspannung sind.   <\/p>\n<p>Nach und nach haben wir uns zu einem Studio f\u00fcr die Gestaltung von Lebensr\u00e4umen im Freien entwickelt. Wir waren das erste Unternehmen auf dem slowakischen Markt, das sich auf die Gesamtgestaltung von Au\u00dfenwohnbereichen konzentrierte. <\/p>\n<p>Zu unseren Lieferanten geh\u00f6ren daher f\u00fchrende Hersteller von Beschattungstechnik, Outdoor-M\u00f6beln und vielen verwandten Accessoires aus ganz Europa (<em><strong>Soliday, Pratic, Weinor, KE, Winsol, Markilux, Glatz, Gandia Blasco, Talenti, Fast, R\u00f6shults, Serralunga, Todus und viele mehr<\/strong><\/em>). Unser klarer Vorteil ist also, dass wir bei unseren L\u00f6sungen nicht durch das Angebot einer einzigen Marke eingeschr\u00e4nkt sind und der Kunde bei uns die perfekte L\u00f6sung finden kann. Da wir davon \u00fcberzeugt sind, dass die Dinge dem Menschen dienen sollen und ihn nicht mit \u00fcberm\u00e4\u00dfiger Pflege belasten, konzentrieren wir uns in erster Linie auf Produkte von h\u00f6herer Qualit\u00e4t. Unsere Kunden sind daher in erster Linie diejenigen, die Qualit\u00e4t und Design, spezielle L\u00f6sungen oder umfassende Dienstleistungen suchen und sch\u00e4tzen. Wir k\u00f6nnen auch mit sehr atypischen Anforderungen umgehen. Wir arbeiten mit vielen renommierten Architekturb\u00fcros sowie mit spezialisierten Landschaftsarchitekten zusammen. Neben der Standardausstattung bieten wir auch Luxusprodukte an, die technisch und gestalterisch perfekt sind.      <\/p>\n<p>Unsere Pergola-Schirme k\u00f6nnen schl\u00fcsselfertig geliefert werden, einschlie\u00dflich Bodenbelag (Terrassendielen aus Holz oder Verbundwerkstoffen), Designer-Terrassenm\u00f6beln von bekannten Marken und Designern, Beleuchtung und einer Vielzahl von Accessoires wie Vasen und Jardinieren, Leuchttischen, Au\u00dfenvorh\u00e4ngen, Teppichen und vielen anderen Elementen, die eine besondere Atmosph\u00e4re schaffen und die Terrasse zu einem wirklich lebenswerten Raum machen, den Sie lieben werden. <\/p>\n<p>Wir lassen uns nicht von pr\u00e4tenti\u00f6sen und nichtssagenden Phrasen und &#8222;prahlerischen&#8220; Slogans wie \u201c<em>Wir sind der einzige und beste Anbieter&#8220;<\/em> und \u201c<em>Unsere Produkte sind die BESTEN!&#8220;,<\/em> <em>&#8222;Unsere L\u00f6sungen stellen alle anderen in den Schatten&#8220;,<\/em> <em>&#8222;wir lassen Ihre Tr\u00e4ume wahr werden&#8220;<\/em>, usw. leiten. Von unseren Qualit\u00e4ten und unserer Stabilit\u00e4t zeugen vor allem unsere Geschichte und die Hunderte von Auftr\u00e4gen, die wir im Laufe der Jahre f\u00fcr die unterschiedlichsten Kunden \u2013 sowohl Privat, als auch Firmenkunden \u2013 ausgef\u00fchrt haben. Was wir Ihnen bieten, sind Erfahrung und Seriosit\u00e4t, ohne die wir nicht seit so vielen Jahren unter derselben Marke und mit denselben Telefonnummern h\u00e4tten arbeiten k\u00f6nnen, und nat\u00fcrlich ein breites Portfolio an Produkten und L\u00f6sungen.  <\/p>\n<p><strong>Haben Sie spezielle Anforderungen und den Eindruck, dass Sie auf unserer Website nicht die richtige L\u00f6sung f\u00fcr sich gefunden haben? Kontaktieren Sie uns oder besuchen Sie uns pers\u00f6nlich in unserem Ausstellungsraum, der einer der gr\u00f6\u00dften in der Slowakei ist. Wir sind \u00fcberzeugt, dass wir auch f\u00fcr Sie die richtige L\u00f6sung finden werden.  <\/strong><\/p>\n\t\t\t\t\t\t\t\t<\/div>\n\t\t\t\t<\/div>\n\t\t\t\t\t<\/div>\n\t\t<\/div>\n\t\t\t\t\t<\/div>\n\t\t<\/section>\n\t\t\t\t<\/div>\n\t\t","protected":false},"excerpt":{"rendered":"<p>Kontakt \u00dcber uns \u00dcber uns<\/p>\n","protected":false},"author":1,"featured_media":0,"parent":0,"menu_order":0,"comment_status":"closed","ping_status":"closed","template":"elementor_header_footer","meta":{"footnotes":""},"class_list":["post-6465","page","type-page","status-publish","hentry"],"yoast_head":"<!-- This site is optimized with the Yoast SEO plugin v27.5 - https:\/\/yoast.com\/product\/yoast-seo-wordpress\/ -->\n<title>\u00dcber uns - Mikenda present<\/title>\n<meta name=\"robots\" content=\"index, follow, max-snippet:-1, max-image-preview:large, max-video-preview:-1\" \/>\n<meta property=\"og:locale\" content=\"de_DE\" \/>\n<meta property=\"og:type\" content=\"article\" \/>\n<meta property=\"og:title\" content=\"\u00dcber uns - Mikenda present\" \/>\n<meta property=\"og:description\" content=\"Kontakt \u00dcber uns \u00dcber uns\" \/>\n<meta property=\"og:url\" content=\"https:\/\/mikenda.sk\/de\/ueber-uns\/\" \/>\n<meta property=\"og:site_name\" content=\"Mikenda present\" \/>\n<meta property=\"article:modified_time\" content=\"2026-04-28T10:43:12+00:00\" \/>\n<meta name=\"twitter:card\" content=\"summary_large_image\" \/>\n<script type=\"application\/ld+json\" class=\"yoast-schema-graph\">{\"@context\":\"https:\\\/\\\/schema.org\",\"@graph\":[{\"@type\":\"WebPage\",\"@id\":\"https:\\\/\\\/mikenda.sk\\\/de\\\/ueber-uns\\\/\",\"url\":\"https:\\\/\\\/mikenda.sk\\\/de\\\/ueber-uns\\\/\",\"name\":\"\u00dcber uns - Mikenda present\",\"isPartOf\":{\"@id\":\"https:\\\/\\\/mikenda.sk\\\/de\\\/#website\"},\"datePublished\":\"2026-04-28T06:54:40+00:00\",\"dateModified\":\"2026-04-28T10:43:12+00:00\",\"breadcrumb\":{\"@id\":\"https:\\\/\\\/mikenda.sk\\\/de\\\/ueber-uns\\\/#breadcrumb\"},\"inLanguage\":\"de\",\"potentialAction\":[{\"@type\":\"ReadAction\",\"target\":[\"https:\\\/\\\/mikenda.sk\\\/de\\\/ueber-uns\\\/\"]}]},{\"@type\":\"BreadcrumbList\",\"@id\":\"https:\\\/\\\/mikenda.sk\\\/de\\\/ueber-uns\\\/#breadcrumb\",\"itemListElement\":[{\"@type\":\"ListItem\",\"position\":1,\"name\":\"Domovsk\u00e1 str\u00e1nka\",\"item\":\"https:\\\/\\\/mikenda.sk\\\/de\\\/\"},{\"@type\":\"ListItem\",\"position\":2,\"name\":\"\u00dcber uns\"}]},{\"@type\":\"WebSite\",\"@id\":\"https:\\\/\\\/mikenda.sk\\\/de\\\/#website\",\"url\":\"https:\\\/\\\/mikenda.sk\\\/de\\\/\",\"name\":\"Mikenda present\",\"description\":\"\",\"publisher\":{\"@id\":\"https:\\\/\\\/mikenda.sk\\\/de\\\/#organization\"},\"potentialAction\":[{\"@type\":\"SearchAction\",\"target\":{\"@type\":\"EntryPoint\",\"urlTemplate\":\"https:\\\/\\\/mikenda.sk\\\/de\\\/?s={search_term_string}\"},\"query-input\":{\"@type\":\"PropertyValueSpecification\",\"valueRequired\":true,\"valueName\":\"search_term_string\"}}],\"inLanguage\":\"de\"},{\"@type\":\"Organization\",\"@id\":\"https:\\\/\\\/mikenda.sk\\\/de\\\/#organization\",\"name\":\"Mikenda present\",\"url\":\"https:\\\/\\\/mikenda.sk\\\/de\\\/\",\"logo\":{\"@type\":\"ImageObject\",\"inLanguage\":\"de\",\"@id\":\"https:\\\/\\\/mikenda.sk\\\/de\\\/#\\\/schema\\\/logo\\\/image\\\/\",\"url\":\"https:\\\/\\\/mikenda.sk\\\/wp-content\\\/uploads\\\/2021\\\/05\\\/mikenda-logo.png\",\"contentUrl\":\"https:\\\/\\\/mikenda.sk\\\/wp-content\\\/uploads\\\/2021\\\/05\\\/mikenda-logo.png\",\"width\":213,\"height\":50,\"caption\":\"Mikenda present\"},\"image\":{\"@id\":\"https:\\\/\\\/mikenda.sk\\\/de\\\/#\\\/schema\\\/logo\\\/image\\\/\"}}]}<\/script>\n<!-- \/ Yoast SEO plugin. -->","yoast_head_json":{"title":"\u00dcber uns - Mikenda present","robots":{"index":"index","follow":"follow","max-snippet":"max-snippet:-1","max-image-preview":"max-image-preview:large","max-video-preview":"max-video-preview:-1"},"og_locale":"de_DE","og_type":"article","og_title":"\u00dcber uns - Mikenda present","og_description":"Kontakt \u00dcber uns \u00dcber uns","og_url":"https:\/\/mikenda.sk\/de\/ueber-uns\/","og_site_name":"Mikenda present","article_modified_time":"2026-04-28T10:43:12+00:00","twitter_card":"summary_large_image","schema":{"@context":"https:\/\/schema.org","@graph":[{"@type":"WebPage","@id":"https:\/\/mikenda.sk\/de\/ueber-uns\/","url":"https:\/\/mikenda.sk\/de\/ueber-uns\/","name":"\u00dcber uns - Mikenda present","isPartOf":{"@id":"https:\/\/mikenda.sk\/de\/#website"},"datePublished":"2026-04-28T06:54:40+00:00","dateModified":"2026-04-28T10:43:12+00:00","breadcrumb":{"@id":"https:\/\/mikenda.sk\/de\/ueber-uns\/#breadcrumb"},"inLanguage":"de","potentialAction":[{"@type":"ReadAction","target":["https:\/\/mikenda.sk\/de\/ueber-uns\/"]}]},{"@type":"BreadcrumbList","@id":"https:\/\/mikenda.sk\/de\/ueber-uns\/#breadcrumb","itemListElement":[{"@type":"ListItem","position":1,"name":"Domovsk\u00e1 str\u00e1nka","item":"https:\/\/mikenda.sk\/de\/"},{"@type":"ListItem","position":2,"name":"\u00dcber uns"}]},{"@type":"WebSite","@id":"https:\/\/mikenda.sk\/de\/#website","url":"https:\/\/mikenda.sk\/de\/","name":"Mikenda present","description":"","publisher":{"@id":"https:\/\/mikenda.sk\/de\/#organization"},"potentialAction":[{"@type":"SearchAction","target":{"@type":"EntryPoint","urlTemplate":"https:\/\/mikenda.sk\/de\/?s={search_term_string}"},"query-input":{"@type":"PropertyValueSpecification","valueRequired":true,"valueName":"search_term_string"}}],"inLanguage":"de"},{"@type":"Organization","@id":"https:\/\/mikenda.sk\/de\/#organization","name":"Mikenda present","url":"https:\/\/mikenda.sk\/de\/","logo":{"@type":"ImageObject","inLanguage":"de","@id":"https:\/\/mikenda.sk\/de\/#\/schema\/logo\/image\/","url":"https:\/\/mikenda.sk\/wp-content\/uploads\/2021\/05\/mikenda-logo.png","contentUrl":"https:\/\/mikenda.sk\/wp-content\/uploads\/2021\/05\/mikenda-logo.png","width":213,"height":50,"caption":"Mikenda present"},"image":{"@id":"https:\/\/mikenda.sk\/de\/#\/schema\/logo\/image\/"}}]}},"_links":{"self":[{"href":"https:\/\/mikenda.sk\/de\/wp-json\/wp\/v2\/pages\/6465","targetHints":{"allow":["GET"]}}],"collection":[{"href":"https:\/\/mikenda.sk\/de\/wp-json\/wp\/v2\/pages"}],"about":[{"href":"https:\/\/mikenda.sk\/de\/wp-json\/wp\/v2\/types\/page"}],"author":[{"embeddable":true,"href":"https:\/\/mikenda.sk\/de\/wp-json\/wp\/v2\/users\/1"}],"replies":[{"embeddable":true,"href":"https:\/\/mikenda.sk\/de\/wp-json\/wp\/v2\/comments?post=6465"}],"version-history":[{"count":4,"href":"https:\/\/mikenda.sk\/de\/wp-json\/wp\/v2\/pages\/6465\/revisions"}],"predecessor-version":[{"id":6653,"href":"https:\/\/mikenda.sk\/de\/wp-json\/wp\/v2\/pages\/6465\/revisions\/6653"}],"wp:attachment":[{"href":"https:\/\/mikenda.sk\/de\/wp-json\/wp\/v2\/media?parent=6465"}],"curies":[{"name":"wp","href":"https:\/\/api.w.org\/{rel}","templated":true}]}}